{"id":537,"date":"2021-03-09T22:15:37","date_gmt":"2021-03-09T19:15:37","guid":{"rendered":"http:\/\/www.tukmd.org.tr\/?page_id=537"},"modified":"2021-03-09T22:15:37","modified_gmt":"2021-03-09T19:15:37","slug":"isrm-mavi-kitap","status":"publish","type":"page","link":"http:\/\/www.tukmd.org.tr\/?page_id=537","title":{"rendered":"ISRM MAVI KITAP"},"content":{"rendered":"<p><strong><a href=\"http:\/\/www.tukmd.org.tr\/wp-content\/uploads\/mavikitap.jpg\" rel=\"attachment wp-att-98\"><img loading=\"lazy\" decoding=\"async\" class=\"alignnone size-medium wp-image-98\" src=\"http:\/\/www.tukmd.org.tr\/wp-content\/uploads\/mavikitap-300x207.jpg\" sizes=\"auto, (max-width: 300px) 100vw, 300px\" srcset=\"http:\/\/www.tukmd.org.tr\/wp-content\/uploads\/mavikitap-300x207.jpg 300w, http:\/\/www.tukmd.org.tr\/wp-content\/uploads\/mavikitap.jpg 449w\" alt=\"mavikitap\" width=\"300\" height=\"207\" \/><\/a><\/strong><\/p>\n<p><strong>\u00a0<\/strong><strong>THE COMPLETE ISRM SUGGESTED METHODS FOR ROCK CHARACTERIZATION, TESTING AND MONITORING: 1974- 2006<\/strong>\u201d<\/p>\n<p><em>( ISBN 97897593675 41)<\/em><\/p>\n<p>Uluslararas\u0131 Kaya Mekani\u011fi Derne\u011fi (International Society for Rock Mechanics \u2013 ISRM) \u00a0Deney y\u00f6ntemleri komisyonu taraf\u0131ndan kabul edilmi\u015f kaya mekani\u011fi laboratuar ve arazi deney y\u00f6ntemlerini i\u00e7eren Rock Characterization, Testing and Monitoring \u00a0ISRM Suggested Methods\u00a0 adl\u0131 standart kitap 1981 y\u0131l\u0131nda Ted Brown edit\u00f6rl\u00fc\u011f\u00fcnde bas\u0131lm\u0131\u015ft\u0131. Bug\u00fcn bask\u0131s\u0131 t\u00fckenmi\u015f olan ve piyasada bulunmayan kitab\u0131n\u0131n piyasaya \u00e7\u0131kt\u0131\u011f\u0131ndan bu yana ge\u00e7en s\u00fcrede \u00e7ok say\u0131da yeni y\u00f6ntem \u00f6nerilmi\u015f olup ve baz\u0131 mevcut y\u00f6ntemlerde zaman i\u00e7inde revize edilmi\u015fti. Gerek bu durum, gerekse yeni \u00f6nerilmi\u015f y\u00f6ntemlerin dergilerde yay\u0131nlanm\u0131\u015f olmas\u0131, bu y\u00f6ntemlerin t\u00fcm\u00fcn\u00fcn bir arada toplan\u0131p en son revizelerin de yer alaca\u011f\u0131 bir kitab\u0131n bas\u0131lmas\u0131 gereksinimini do\u011furmu\u015ftur. Bu gereksinim ISRM ve ISRM Deney Y\u00f6ntemleri Komitesi taraf\u0131ndan dikkate al\u0131narak kitab\u0131n bas\u0131lmas\u0131 karar\u0131 al\u0131nm\u0131\u015ft\u0131r.<\/p>\n<p>&nbsp;<\/p>\n<p>T\u00fcrk Ulusal Kaya Mekani\u011fi Derne\u011fi (TUKMD) ile Uluslararas\u0131 Kaya Mekani\u011fi Derne\u011fi \u00a0(ISRM)\u00a0\u00a0 aras\u0131nda yap\u0131lan s\u00f6zle\u015fme kapsam\u0131nda, edit\u00f6rl\u00fc\u011f\u00fcn\u00fc Prof. Dr. Re\u015fat ULUSAY ve Prof. Dr. John HUDSON\u2019un yapt\u0131\u011f\u0131 ISRM Deney Y\u00f6ntemleri komisyonunca haz\u0131rlanan \u201cTHE COMPLETE ISRM SUGGESTED METHODS FOR ROCK CHARACTERIZATION, TESTING AND MONITORING: 1974- 2006\u201d. Kaya maddesi ve k\u00fctlesi \u00f6zelliklerinin belirlenmesiyle ilgili ISRM standart kitab\u0131 Nisan 2007 \u2018de Ankara da bas\u0131lm\u0131\u015ft\u0131r. 628 sayfadan olu\u015fan cilt kapakl\u0131 bu kitab\u0131n bas\u0131m\u0131 ile ulusal ve uluslararas\u0131 d\u00fczeyde da\u011f\u0131t\u0131m\u0131n\u0131 ISRM ad\u0131na T\u00fcrk Ulusal Kaya Mekani\u011fi Derne\u011fi \u00fcstlenmi\u015ftir. Kitapta 1974 y\u0131l\u0131ndan g\u00fcn\u00fcm\u00fcze de\u011fin ISRM taraf\u0131ndan kabul edilmi\u015f 40 adet \u00f6nerilmi\u015f y\u00f6ntem sunulmaktad\u0131r.<\/p>\n<p>Bu y\u00f6ntemler a\u015fa\u011f\u0131daki d\u00f6rt ana b\u00f6l\u00fcm ba\u015fl\u0131\u011f\u0131nda verilmi\u015ftir.<\/p>\n<p><strong>Kaya k\u00fctlelerinin karakterizasyonu\u00a0<\/strong>( kaya k\u00fctlelerinde s\u00fcreksizlik \u00f6zelliklerinin kantitatif tan\u0131m\u0131na ili\u015fkin y\u00f6ntemler ve \u00a0kuyu jeofizi\u011fi y\u00f6ntemleri)<\/p>\n<p><strong>\u00a0<\/strong><strong>Laboratuar deneyleri<\/strong>\u00a0(indeks deneyler ve dayan\u0131m deneyleri)<\/p>\n<p><strong>\u00a0<\/strong><strong>Arazi deneyleri<\/strong>\u00a0(deformabilite deneyleri, yerinde gerilme \u00f6l\u00e7\u00fcmleri, karada, kuyu \u00a0i\u00e7inde, kuyular aras\u0131nda uygulanan jeofizik y\u00f6ntemler, \u015fi\u015fme ve da\u011f\u0131lma deneyleri, b\u00fcy\u00fck \u00f6l\u00e7ekli \u00fc\u00e7 eksenli arazi deneyi, kaya saplamas\u0131 ve ankraj\u0131 deneyleri)<\/p>\n<p><strong>\u0130zleme teknikleri(\u00a0<\/strong>ekstansometre ve inklinometre ile hareket izleme, hidrolik h\u00fccrelerle bas\u0131n\u00e7 izleme, s\u00fcreksizlik boyunca hareket izleme ve patlatmadan kaynaklanan titre\u015fimlerin izlenmesi)<\/p>\n<p>Her deney y\u00f6ntemi; deneyin amac\u0131n\u0131, kullan\u0131lan gere\u00e7 ve \/ veya cihazlar\u0131, deneyin yap\u0131l\u0131\u015f\u0131n\u0131, deneyle ilgili hesaplama a\u015famalar\u0131 ile deney raporunda yer almas\u0131 gerekenleri i\u00e7ermektedir.<\/p>\n","protected":false},"excerpt":{"rendered":"<p>\u00a0THE COMPLETE ISRM SUGGESTED METHODS FOR ROCK CHARACTERIZATION, TESTING AND MONITORING: 1974- 2006\u201d ( ISBN 97897593675 41) Uluslararas\u0131 Kaya Mekani\u011fi Derne\u011fi (International Society for Rock Mechanics \u2013 ISRM) \u00a0Deney y\u00f6ntemleri komisyonu taraf\u0131ndan kabul edilmi\u015f kaya mekani\u011fi laboratuar ve arazi deney y\u00f6ntemlerini i\u00e7eren Rock Characterization, Testing and Monitoring \u00a0ISRM Suggested Methods\u00a0 adl\u0131 standart kitap 1981 y\u0131l\u0131nda &hellip; <a href=\"http:\/\/www.tukmd.org.tr\/?page_id=537\" class=\"more-link\">Continue reading <span class=\"screen-reader-text\">ISRM MAVI KITAP<\/span> <span class=\"meta-nav\">&rarr;<\/span><\/a><\/p>\n","protected":false},"author":1,"featured_media":0,"parent":26,"menu_order":0,"comment_status":"closed","ping_status":"closed","template":"","meta":{"footnotes":""},"class_list":["post-537","page","type-page","status-publish","hentry"],"_links":{"self":[{"href":"http:\/\/www.tukmd.org.tr\/index.php?rest_route=\/wp\/v2\/pages\/537","targetHints":{"allow":["GET"]}}],"collection":[{"href":"http:\/\/www.tukmd.org.tr\/index.php?rest_route=\/wp\/v2\/pages"}],"about":[{"href":"http:\/\/www.tukmd.org.tr\/index.php?rest_route=\/wp\/v2\/types\/page"}],"author":[{"embeddable":true,"href":"http:\/\/www.tukmd.org.tr\/index.php?rest_route=\/wp\/v2\/users\/1"}],"replies":[{"embeddable":true,"href":"http:\/\/www.tukmd.org.tr\/index.php?rest_route=%2Fwp%2Fv2%2Fcomments&post=537"}],"version-history":[{"count":1,"href":"http:\/\/www.tukmd.org.tr\/index.php?rest_route=\/wp\/v2\/pages\/537\/revisions"}],"predecessor-version":[{"id":538,"href":"http:\/\/www.tukmd.org.tr\/index.php?rest_route=\/wp\/v2\/pages\/537\/revisions\/538"}],"up":[{"embeddable":true,"href":"http:\/\/www.tukmd.org.tr\/index.php?rest_route=\/wp\/v2\/pages\/26"}],"wp:attachment":[{"href":"http:\/\/www.tukmd.org.tr\/index.php?rest_route=%2Fwp%2Fv2%2Fmedia&parent=537"}],"curies":[{"name":"wp","href":"https:\/\/api.w.org\/{rel}","templated":true}]}}